{"id":17593,"date":"2025-01-29T10:10:04","date_gmt":"2025-01-29T15:10:04","guid":{"rendered":"https:\/\/website.maitred.penega.dev\/service-dassistance\/"},"modified":"2025-08-26T09:50:27","modified_gmt":"2025-08-26T13:50:27","slug":"assistance","status":"publish","type":"page","link":"https:\/\/maitredpos.com\/fr\/assistance\/","title":{"rendered":"Service d&#8217;assistance"},"content":{"rendered":"\t\t<div data-elementor-type=\"wp-page\" data-elementor-id=\"17593\" class=\"elementor elementor-17593 elementor-12296\" data-elementor-post-type=\"page\">\n\t\t\t\t<div class=\"elementor-element elementor-element-0577d66 e-flex e-con-boxed e-con e-parent\" data-id=\"0577d66\" data-element_type=\"container\" data-e-type=\"container\" data-settings=\"{&quot;background_background&quot;:&quot;classic&quot;}\">\n\t\t\t\t\t<div class=\"e-con-inner\">\n\t\t\t\t<div class=\"elementor-element elementor-element-ef56127 elementor-widget elementor-widget-heading\" data-id=\"ef56127\" data-element_type=\"widget\" data-e-type=\"widget\" data-widget_type=\"heading.default\">\n\t\t\t\t<div class=\"elementor-widget-container\">\n\t\t\t\t\t<h2 class=\"elementor-heading-title elementor-size-default\">SERVICE D'ASSISTANCE<\/h2>\t\t\t\t<\/div>\n\t\t\t\t<\/div>\n\t\t\t\t\t<\/div>\n\t\t\t\t<\/div>\n\t\t<div class=\"elementor-element elementor-element-ec86b51 e-flex e-con-boxed e-con e-child\" data-id=\"ec86b51\" data-element_type=\"container\" data-e-type=\"container\">\n\t\t\t\t\t<div class=\"e-con-inner\">\n\t\t<div class=\"elementor-element elementor-element-1d6174b e-con-full e-flex e-con e-child\" data-id=\"1d6174b\" data-element_type=\"container\" data-e-type=\"container\">\n\t\t<div class=\"elementor-element elementor-element-dca960e e-con-full e-flex e-con e-child\" data-id=\"dca960e\" data-element_type=\"container\" data-e-type=\"container\">\n\t\t\t\t<div class=\"elementor-element elementor-element-1cde2e7 elementor-widget elementor-widget-image\" data-id=\"1cde2e7\" data-element_type=\"widget\" data-e-type=\"widget\" data-widget_type=\"image.default\">\n\t\t\t\t<div class=\"elementor-widget-container\">\n\t\t\t\t\t\t\t\t\t\t\t\t\t\t\t<img fetchpriority=\"high\" decoding=\"async\" width=\"524\" height=\"122\" src=\"https:\/\/maitredpos.com\/wp-content\/uploads\/2025\/02\/IMG_MaitreD-Logo@2x.png\" class=\"attachment-large size-large wp-image-14412\" alt=\"\" srcset=\"https:\/\/maitredpos.com\/wp-content\/uploads\/2025\/02\/IMG_MaitreD-Logo@2x.png 524w, https:\/\/maitredpos.com\/wp-content\/uploads\/2025\/02\/IMG_MaitreD-Logo@2x-300x70.png 300w\" sizes=\"(max-width: 524px) 100vw, 524px\" \/>\t\t\t\t\t\t\t\t\t\t\t\t\t\t\t<\/div>\n\t\t\t\t<\/div>\n\t\t\t\t<div class=\"elementor-element elementor-element-1e4ef55 elementor-widget elementor-widget-text-editor\" data-id=\"1e4ef55\" data-element_type=\"widget\" data-e-type=\"widget\" data-widget_type=\"text-editor.default\">\n\t\t\t\t<div class=\"elementor-widget-container\">\n\t\t\t\t\t\t\t\t\t<p>Obtenez le soutien d&#8217;un expert pour votre syst\u00e8me de point de vente Maitre&#8217;D. Notre service d&#8217;assistance est disponible pour vous aider avec le d\u00e9pannage, les mises \u00e0 jour et l&#8217;optimisation du syst\u00e8me afin d&#8217;assurer le bon fonctionnement de votre entreprise.<\/p>\t\t\t\t\t\t\t\t<\/div>\n\t\t\t\t<\/div>\n\t\t\t\t<\/div>\n\t\t\t\t<div class=\"elementor-element elementor-element-f25b9e1 elementor-align-center elementor-widget elementor-widget-button\" data-id=\"f25b9e1\" data-element_type=\"widget\" data-e-type=\"widget\" data-widget_type=\"button.default\">\n\t\t\t\t<div class=\"elementor-widget-container\">\n\t\t\t\t\t\t\t\t\t<div class=\"elementor-button-wrapper\">\n\t\t\t\t\t<a class=\"elementor-button elementor-button-link elementor-size-sm\" href=\"https:\/\/docs.payfacto.com\/payfacto-knowledge\/maitred-pos\" target=\"_blank\" rel=\"noopener\">\n\t\t\t\t\t\t<span class=\"elementor-button-content-wrapper\">\n\t\t\t\t\t\t\t\t\t<span class=\"elementor-button-text\">ACC\u00c9DER AU SERVICE D'ASSISTANCE<\/span>\n\t\t\t\t\t<\/span>\n\t\t\t\t\t<\/a>\n\t\t\t\t<\/div>\n\t\t\t\t\t\t\t\t<\/div>\n\t\t\t\t<\/div>\n\t\t\t\t<\/div>\n\t\t<div class=\"elementor-element elementor-element-24d17ce e-con-full e-flex e-con e-child\" data-id=\"24d17ce\" data-element_type=\"container\" data-e-type=\"container\">\n\t\t<div class=\"elementor-element elementor-element-3e607e1 e-con-full e-flex e-con e-child\" data-id=\"3e607e1\" data-element_type=\"container\" data-e-type=\"container\">\n\t\t\t\t<div class=\"elementor-element elementor-element-222db83 elementor-widget elementor-widget-image\" data-id=\"222db83\" data-element_type=\"widget\" data-e-type=\"widget\" data-widget_type=\"image.default\">\n\t\t\t\t<div class=\"elementor-widget-container\">\n\t\t\t\t\t\t\t\t\t\t\t\t\t\t\t<img decoding=\"async\" width=\"1024\" height=\"347\" data-src=\"https:\/\/maitredpos.com\/wp-content\/uploads\/2025\/03\/IMG_MaitreD-Veloce-1024x347.png\" class=\"attachment-large size-large wp-image-17248 lazyload\" alt=\"\" data-srcset=\"https:\/\/maitredpos.com\/wp-content\/uploads\/2025\/03\/IMG_MaitreD-Veloce-1024x347.png 1024w, https:\/\/maitredpos.com\/wp-content\/uploads\/2025\/03\/IMG_MaitreD-Veloce-600x203.png 600w, https:\/\/maitredpos.com\/wp-content\/uploads\/2025\/03\/IMG_MaitreD-Veloce-300x102.png 300w, https:\/\/maitredpos.com\/wp-content\/uploads\/2025\/03\/IMG_MaitreD-Veloce-768x260.png 768w, https:\/\/maitredpos.com\/wp-content\/uploads\/2025\/03\/IMG_MaitreD-Veloce.png 1380w\" data-sizes=\"(max-width: 1024px) 100vw, 1024px\" src=\"data:image\/svg+xml;base64,PHN2ZyB3aWR0aD0iMSIgaGVpZ2h0PSIxIiB4bWxucz0iaHR0cDovL3d3dy53My5vcmcvMjAwMC9zdmciPjwvc3ZnPg==\" style=\"--smush-placeholder-width: 1024px; --smush-placeholder-aspect-ratio: 1024\/347;\" \/>\t\t\t\t\t\t\t\t\t\t\t\t\t\t\t<\/div>\n\t\t\t\t<\/div>\n\t\t\t\t<div class=\"elementor-element elementor-element-5544f14 elementor-widget elementor-widget-text-editor\" data-id=\"5544f14\" data-element_type=\"widget\" data-e-type=\"widget\" data-widget_type=\"text-editor.default\">\n\t\t\t\t<div class=\"elementor-widget-container\">\n\t\t\t\t\t\t\t\t\t<p>Vous avez besoin d&#8217;aide avec votre point de vente Veloce ? Notre \u00e9quipe d&#8217;assistance est l\u00e0 pour vous aider \u00e0 r\u00e9soudre les probl\u00e8mes techniques, \u00e0 mettre \u00e0 jour les logiciels et \u00e0 appliquer les meilleures pratiques pour que vos op\u00e9rations restent efficaces. <\/p>\t\t\t\t\t\t\t\t<\/div>\n\t\t\t\t<\/div>\n\t\t\t\t<\/div>\n\t\t\t\t<div class=\"elementor-element elementor-element-cff6ffd elementor-align-center elementor-widget elementor-widget-button\" data-id=\"cff6ffd\" data-element_type=\"widget\" data-e-type=\"widget\" data-widget_type=\"button.default\">\n\t\t\t\t<div class=\"elementor-widget-container\">\n\t\t\t\t\t\t\t\t\t<div class=\"elementor-button-wrapper\">\n\t\t\t\t\t<a class=\"elementor-button elementor-button-link elementor-size-sm\" href=\"https:\/\/docs.payfacto.com\/payfacto-knowledge\/veloce-pos\" target=\"_blank\" rel=\"noopener\">\n\t\t\t\t\t\t<span class=\"elementor-button-content-wrapper\">\n\t\t\t\t\t\t\t\t\t<span class=\"elementor-button-text\">ACC\u00c9DER AU SERVICE D'ASSISTANCE<\/span>\n\t\t\t\t\t<\/span>\n\t\t\t\t\t<\/a>\n\t\t\t\t<\/div>\n\t\t\t\t\t\t\t\t<\/div>\n\t\t\t\t<\/div>\n\t\t\t\t<\/div>\n\t\t<div class=\"elementor-element elementor-element-69e39ef e-con-full e-flex e-con e-child\" data-id=\"69e39ef\" data-element_type=\"container\" data-e-type=\"container\">\n\t\t<div class=\"elementor-element elementor-element-48b31bd e-con-full e-flex e-con e-child\" data-id=\"48b31bd\" data-element_type=\"container\" data-e-type=\"container\">\n\t\t\t\t<div class=\"elementor-element elementor-element-4fdefc7 elementor-widget elementor-widget-image\" data-id=\"4fdefc7\" data-element_type=\"widget\" data-e-type=\"widget\" data-widget_type=\"image.default\">\n\t\t\t\t<div class=\"elementor-widget-container\">\n\t\t\t\t\t\t\t\t\t\t\t\t\t\t\t<img decoding=\"async\" width=\"564\" height=\"103\" data-src=\"https:\/\/maitredpos.com\/wp-content\/uploads\/2025\/02\/IMG_PayFacto-Logo@2x-2.png\" class=\"attachment-large size-large wp-image-14413 lazyload\" alt=\"\" data-srcset=\"https:\/\/maitredpos.com\/wp-content\/uploads\/2025\/02\/IMG_PayFacto-Logo@2x-2.png 564w, https:\/\/maitredpos.com\/wp-content\/uploads\/2025\/02\/IMG_PayFacto-Logo@2x-2-300x55.png 300w\" data-sizes=\"(max-width: 564px) 100vw, 564px\" src=\"data:image\/svg+xml;base64,PHN2ZyB3aWR0aD0iMSIgaGVpZ2h0PSIxIiB4bWxucz0iaHR0cDovL3d3dy53My5vcmcvMjAwMC9zdmciPjwvc3ZnPg==\" style=\"--smush-placeholder-width: 564px; --smush-placeholder-aspect-ratio: 564\/103;\" \/>\t\t\t\t\t\t\t\t\t\t\t\t\t\t\t<\/div>\n\t\t\t\t<\/div>\n\t\t\t\t<div class=\"elementor-element elementor-element-1487304 elementor-widget elementor-widget-text-editor\" data-id=\"1487304\" data-element_type=\"widget\" data-e-type=\"widget\" data-widget_type=\"text-editor.default\">\n\t\t\t\t<div class=\"elementor-widget-container\">\n\t\t\t\t\t\t\t\t\t<p>Pour obtenir de l&#8217;aide avec vos solutions de traitement des paiements PayFacto, nos sp\u00e9cialistes sont pr\u00eats \u00e0 vous aider en cas de questions, de conseils de configuration et de r\u00e9solution de probl\u00e8mes.<\/p>\t\t\t\t\t\t\t\t<\/div>\n\t\t\t\t<\/div>\n\t\t\t\t<\/div>\n\t\t\t\t<div class=\"elementor-element elementor-element-88ecc2e elementor-align-center elementor-widget elementor-widget-button\" data-id=\"88ecc2e\" data-element_type=\"widget\" data-e-type=\"widget\" data-widget_type=\"button.default\">\n\t\t\t\t<div class=\"elementor-widget-container\">\n\t\t\t\t\t\t\t\t\t<div class=\"elementor-button-wrapper\">\n\t\t\t\t\t<a class=\"elementor-button elementor-button-link elementor-size-sm\" href=\"https:\/\/docs.payfacto.com\/payfacto-knowledge\/canada-doc-center\" target=\"_blank\" rel=\"noopener\">\n\t\t\t\t\t\t<span class=\"elementor-button-content-wrapper\">\n\t\t\t\t\t\t\t\t\t<span class=\"elementor-button-text\">ACC\u00c9DER AU SERVICE D'ASSISTANCE<\/span>\n\t\t\t\t\t<\/span>\n\t\t\t\t\t<\/a>\n\t\t\t\t<\/div>\n\t\t\t\t\t\t\t\t<\/div>\n\t\t\t\t<\/div>\n\t\t\t\t<\/div>\n\t\t<div class=\"elementor-element elementor-element-b8e4f10 e-con-full elementor-hidden-widescreen elementor-hidden-desktop elementor-hidden-laptop elementor-hidden-tablet elementor-hidden-mobile e-flex e-con e-child\" data-id=\"b8e4f10\" data-element_type=\"container\" data-e-type=\"container\">\n\t\t<div class=\"elementor-element elementor-element-cfe9369 e-con-full e-flex e-con e-child\" data-id=\"cfe9369\" data-element_type=\"container\" data-e-type=\"container\">\n\t\t\t\t<div class=\"elementor-element elementor-element-ad11e31 elementor-widget elementor-widget-image\" data-id=\"ad11e31\" data-element_type=\"widget\" data-e-type=\"widget\" data-widget_type=\"image.default\">\n\t\t\t\t<div class=\"elementor-widget-container\">\n\t\t\t\t\t\t\t\t\t\t\t\t\t\t\t<img decoding=\"async\" width=\"564\" height=\"96\" data-src=\"https:\/\/maitredpos.com\/wp-content\/uploads\/2025\/02\/IMG_CloudPOS-Logo@2x.png\" class=\"attachment-large size-large wp-image-14411 lazyload\" alt=\"\" data-srcset=\"https:\/\/maitredpos.com\/wp-content\/uploads\/2025\/02\/IMG_CloudPOS-Logo@2x.png 564w, https:\/\/maitredpos.com\/wp-content\/uploads\/2025\/02\/IMG_CloudPOS-Logo@2x-300x51.png 300w\" data-sizes=\"(max-width: 564px) 100vw, 564px\" src=\"data:image\/svg+xml;base64,PHN2ZyB3aWR0aD0iMSIgaGVpZ2h0PSIxIiB4bWxucz0iaHR0cDovL3d3dy53My5vcmcvMjAwMC9zdmciPjwvc3ZnPg==\" style=\"--smush-placeholder-width: 564px; --smush-placeholder-aspect-ratio: 564\/96;\" \/>\t\t\t\t\t\t\t\t\t\t\t\t\t\t\t<\/div>\n\t\t\t\t<\/div>\n\t\t\t\t<div class=\"elementor-element elementor-element-73a753a elementor-widget elementor-widget-heading\" data-id=\"73a753a\" data-element_type=\"widget\" data-e-type=\"widget\" data-widget_type=\"heading.default\">\n\t\t\t\t<div class=\"elementor-widget-container\">\n\t\t\t\t\t<h3 class=\"elementor-heading-title elementor-size-default\">Point de vente dans le nuage<\/h3>\t\t\t\t<\/div>\n\t\t\t\t<\/div>\n\t\t\t\t<div class=\"elementor-element elementor-element-12c2f52 elementor-widget elementor-widget-text-editor\" data-id=\"12c2f52\" data-element_type=\"widget\" data-e-type=\"widget\" data-widget_type=\"text-editor.default\">\n\t\t\t\t<div class=\"elementor-widget-container\">\n\t\t\t\t\t\t\t\t\t<p>Lorem ipsum dolor sit amet, consectetur adipiscing elit, sed do eiusmod tempor incididunt.<\/p>\t\t\t\t\t\t\t\t<\/div>\n\t\t\t\t<\/div>\n\t\t\t\t<\/div>\n\t\t\t\t<div class=\"elementor-element elementor-element-894bf33 elementor-align-center elementor-widget elementor-widget-button\" data-id=\"894bf33\" data-element_type=\"widget\" data-e-type=\"widget\" data-widget_type=\"button.default\">\n\t\t\t\t<div class=\"elementor-widget-container\">\n\t\t\t\t\t\t\t\t\t<div class=\"elementor-button-wrapper\">\n\t\t\t\t\t<a class=\"elementor-button elementor-button-link elementor-size-sm\" href=\"#\">\n\t\t\t\t\t\t<span class=\"elementor-button-content-wrapper\">\n\t\t\t\t\t\t\t\t\t<span class=\"elementor-button-text\">SERVICE D'ASSISTANCE \u00c0 L'ACC\u00c8S<\/span>\n\t\t\t\t\t<\/span>\n\t\t\t\t\t<\/a>\n\t\t\t\t<\/div>\n\t\t\t\t\t\t\t\t<\/div>\n\t\t\t\t<\/div>\n\t\t\t\t<\/div>\n\t\t\t\t\t<\/div>\n\t\t\t\t<\/div>\n\t\t\t\t<\/div>\n\t\t","protected":false},"excerpt":{"rendered":"<p>SERVICE D&#8217;ASSISTANCE Obtenez le soutien d&#8217;un expert pour votre syst\u00e8me de point de vente Maitre&#8217;D. Notre service d&#8217;assistance est disponible pour vous aider avec le d\u00e9pannage, les mises \u00e0 jour [&hellip;]<\/p>\n","protected":false},"author":1,"featured_media":0,"parent":0,"menu_order":0,"comment_status":"closed","ping_status":"closed","template":"","meta":{"_acf_changed":false,"footnotes":""},"class_list":["post-17593","page","type-page","status-publish","hentry"],"acf":[],"_links":{"self":[{"href":"https:\/\/maitredpos.com\/fr\/wp-json\/wp\/v2\/pages\/17593","targetHints":{"allow":["GET"]}}],"collection":[{"href":"https:\/\/maitredpos.com\/fr\/wp-json\/wp\/v2\/pages"}],"about":[{"href":"https:\/\/maitredpos.com\/fr\/wp-json\/wp\/v2\/types\/page"}],"author":[{"embeddable":true,"href":"https:\/\/maitredpos.com\/fr\/wp-json\/wp\/v2\/users\/1"}],"replies":[{"embeddable":true,"href":"https:\/\/maitredpos.com\/fr\/wp-json\/wp\/v2\/comments?post=17593"}],"version-history":[{"count":14,"href":"https:\/\/maitredpos.com\/fr\/wp-json\/wp\/v2\/pages\/17593\/revisions"}],"predecessor-version":[{"id":28581,"href":"https:\/\/maitredpos.com\/fr\/wp-json\/wp\/v2\/pages\/17593\/revisions\/28581"}],"wp:attachment":[{"href":"https:\/\/maitredpos.com\/fr\/wp-json\/wp\/v2\/media?parent=17593"}],"curies":[{"name":"wp","href":"https:\/\/api.w.org\/{rel}","templated":true}]}}