{"id":17648,"date":"2023-11-10T16:04:58","date_gmt":"2023-11-10T21:04:58","guid":{"rendered":"https:\/\/website.maitred.penega.dev\/salle-de-presse\/"},"modified":"2025-06-05T11:57:54","modified_gmt":"2025-06-05T15:57:54","slug":"nouvelles","status":"publish","type":"page","link":"https:\/\/maitredpos.com\/fr\/nouvelles\/","title":{"rendered":"Salle de presse"},"content":{"rendered":"\t\t<div data-elementor-type=\"wp-page\" data-elementor-id=\"17648\" class=\"elementor elementor-17648 elementor-1679\" data-elementor-post-type=\"page\">\n\t\t\t\t<div class=\"elementor-element elementor-element-8450a4d e-con-full e-flex e-con e-parent\" data-id=\"8450a4d\" data-element_type=\"container\" data-e-type=\"container\">\n\t\t\t\t<div class=\"elementor-element elementor-element-1e71e69 elementor-widget elementor-widget-header-blog\" data-id=\"1e71e69\" data-element_type=\"widget\" data-e-type=\"widget\" data-widget_type=\"header-blog.default\">\n\t\t\t\t<div class=\"elementor-widget-container\">\n\t\t\t\t\t        <div>\n            <div class=\"post-wrapper\">\n                                    <div>\n                        <div class=\"row\">\n                            <div class=\"col-6 col-left d-none d-md-block\">\n                                <img decoding=\"async\" data-src=\"https:\/\/maitredpos.com\/wp-content\/uploads\/2025\/05\/MD-Blog_from-errors-to-fraud-how-hotels-and-restaurants-can-minimize-chargebacks.jpg\" alt=\"\" src=\"data:image\/svg+xml;base64,PHN2ZyB3aWR0aD0iMSIgaGVpZ2h0PSIxIiB4bWxucz0iaHR0cDovL3d3dy53My5vcmcvMjAwMC9zdmciPjwvc3ZnPg==\" class=\"lazyload\" style=\"--smush-placeholder-width: 2160px; --smush-placeholder-aspect-ratio: 2160\/1440;\">\n                            <\/div>\n                            <div class=\"col-12 col-md-6 col-right col-full-left-min col-full-right d-flex align-items-center\">\n                                <div class=\"wrapper d-flex align-items-center justify-content-center flex-column\">\n                                    <div class=\"categories\">\n                                                                                    <a class=\"category\" href=\"https:\/\/maitredpos.com\/fr\/categorie\/paiement\/\">\n                                                Paiement                                            <\/a>\n                                                                                    <a class=\"category\" href=\"https:\/\/maitredpos.com\/fr\/categorie\/maitred-pos\/\">\n                                                Maitre&#039;D POS                                            <\/a>\n                                                                                    <a class=\"category\" href=\"https:\/\/maitredpos.com\/fr\/categorie\/point-de-vente\/\">\n                                                Point de vente                                            <\/a>\n                                                                            <\/div>\n                                    <h2 class=\"text-center\"><a\n                                                href=\"https:\/\/maitredpos.com\/fr\/retrofacturations-hotellerie-restauration\/\">Comment r\u00e9duire les r\u00e9trofacturations en restauration<\/a><\/h2>\n                                    <p class=\"date text-center\">\n                                        14 janvier 2026                                    <\/p>\n                                    <div class=\"content\">\n                                        <p>Que sont les r\u00e9trofacturations et pourquoi constituent-elles un risque s\u00e9rieux pour les entreprises du secteur de la restauration et de l'h\u00f4tellerie ? Les r\u00e9trofacturations surviennent lorsqu'un client conteste une transaction par carte de cr\u00e9dit ou de d\u00e9bit aupr\u00e8s de sa banque plut\u00f4t que directement aupr\u00e8s du commer\u00e7ant. Pour les h\u00f4tels&hellip;<\/p>\n                                    <\/div>\n\n                                    <a href=\"https:\/\/maitredpos.com\/fr\/retrofacturations-hotellerie-restauration\/\" class=\"read-more\">En savoir plus<span class=\"plus-icon\"><\/span><\/a>\n                                <\/div>\n                            <\/div>\n                        <\/div>\n                    <\/div>\n                                    <div>\n                        <div class=\"row\">\n                            <div class=\"col-6 col-left d-none d-md-block\">\n                                <img decoding=\"async\" data-src=\"https:\/\/maitredpos.com\/wp-content\/uploads\/2025\/11\/Canal-Ritz-Case-Study.png\" alt=\"\" src=\"data:image\/svg+xml;base64,PHN2ZyB3aWR0aD0iMSIgaGVpZ2h0PSIxIiB4bWxucz0iaHR0cDovL3d3dy53My5vcmcvMjAwMC9zdmciPjwvc3ZnPg==\" class=\"lazyload\" style=\"--smush-placeholder-width: 1011px; --smush-placeholder-aspect-ratio: 1011\/544;\">\n                            <\/div>\n                            <div class=\"col-12 col-md-6 col-right col-full-left-min col-full-right d-flex align-items-center\">\n                                <div class=\"wrapper d-flex align-items-center justify-content-center flex-column\">\n                                    <div class=\"categories\">\n                                                                                    <a class=\"category\" href=\"https:\/\/maitredpos.com\/fr\/categorie\/etude-de-cas\/\">\n                                                \u00c9tude de cas                                            <\/a>\n                                                                                    <a class=\"category\" href=\"https:\/\/maitredpos.com\/fr\/categorie\/maitred-pos\/\">\n                                                Maitre&#039;D POS                                            <\/a>\n                                                                                    <a class=\"category\" href=\"https:\/\/maitredpos.com\/fr\/categorie\/point-de-vente\/\">\n                                                Point de vente                                            <\/a>\n                                                                            <\/div>\n                                    <h2 class=\"text-center\"><a\n                                                href=\"https:\/\/maitredpos.com\/fr\/le-canal-ritz-modernise-ses-operations-grace-a-virtuo-pos\/\">Le Canal Ritz modernise ses op\u00e9rations gr\u00e2ce \u00e0&hellip;<\/a><\/h2>\n                                    <p class=\"date text-center\">\n                                        25 novembre 2025                                    <\/p>\n                                    <div class=\"content\">\n                                        <p>Perch\u00e9 sur l\u2019embl\u00e9matique canal Rideau \u00e0 Ottawa, le Canal Ritz accueille depuis des d\u00e9cennies des locaux, des touristes et des \u00e9tudiants des universit\u00e9s avoisinantes. Avec ses quatre salles \u00e0 manger, sa vaste terrasse de 130 places et un menu qui marie classiques italiens, steaks et fruits de mer, le restaurant&hellip;<\/p>\n                                    <\/div>\n\n                                    <a href=\"https:\/\/maitredpos.com\/fr\/le-canal-ritz-modernise-ses-operations-grace-a-virtuo-pos\/\" class=\"read-more\">En savoir plus<span class=\"plus-icon\"><\/span><\/a>\n                                <\/div>\n                            <\/div>\n                        <\/div>\n                    <\/div>\n                                    <div>\n                        <div class=\"row\">\n                            <div class=\"col-6 col-left d-none d-md-block\">\n                                <img decoding=\"async\" data-src=\"https:\/\/maitredpos.com\/wp-content\/uploads\/2025\/05\/MD-Blog_velpay-sustainable-success-solution.jpg\" alt=\"\" src=\"data:image\/svg+xml;base64,PHN2ZyB3aWR0aD0iMSIgaGVpZ2h0PSIxIiB4bWxucz0iaHR0cDovL3d3dy53My5vcmcvMjAwMC9zdmciPjwvc3ZnPg==\" class=\"lazyload\" style=\"--smush-placeholder-width: 2160px; --smush-placeholder-aspect-ratio: 2160\/1440;\">\n                            <\/div>\n                            <div class=\"col-12 col-md-6 col-right col-full-left-min col-full-right d-flex align-items-center\">\n                                <div class=\"wrapper d-flex align-items-center justify-content-center flex-column\">\n                                    <div class=\"categories\">\n                                                                                    <a class=\"category\" href=\"https:\/\/maitredpos.com\/fr\/categorie\/paiement\/\">\n                                                Paiement                                            <\/a>\n                                                                            <\/div>\n                                    <h2 class=\"text-center\"><a\n                                                href=\"https:\/\/maitredpos.com\/fr\/traitement-des-paiements-en-restauration-et-hotellerie\/\">Traitement des paiements en restauration et h\u00f4tellerie<\/a><\/h2>\n                                    <p class=\"date text-center\">\n                                        5 ao\u00fbt 2025                                    <\/p>\n                                    <div class=\"content\">\n                                        <p>Qu'est-ce que le traitement des paiements dans le secteur de l'h\u00f4tellerie et de la restauration ? Le traitement des paiements dans le secteur de l'h\u00f4tellerie fait r\u00e9f\u00e9rence aux syst\u00e8mes et proc\u00e9dures utilis\u00e9s par les h\u00f4tels, les restaurants et les autres entreprises du secteur de l'h\u00f4tellerie pour accepter et g\u00e9rer les&hellip;<\/p>\n                                    <\/div>\n\n                                    <a href=\"https:\/\/maitredpos.com\/fr\/traitement-des-paiements-en-restauration-et-hotellerie\/\" class=\"read-more\">En savoir plus<span class=\"plus-icon\"><\/span><\/a>\n                                <\/div>\n                            <\/div>\n                        <\/div>\n                    <\/div>\n                                    <div>\n                        <div class=\"row\">\n                            <div class=\"col-6 col-left d-none d-md-block\">\n                                <img decoding=\"async\" data-src=\"https:\/\/maitredpos.com\/wp-content\/uploads\/2025\/05\/MD-Blog_boost-your-restaurant-with-mobile-point-of-sale-system.jpg\" alt=\"\" src=\"data:image\/svg+xml;base64,PHN2ZyB3aWR0aD0iMSIgaGVpZ2h0PSIxIiB4bWxucz0iaHR0cDovL3d3dy53My5vcmcvMjAwMC9zdmciPjwvc3ZnPg==\" class=\"lazyload\" style=\"--smush-placeholder-width: 2160px; --smush-placeholder-aspect-ratio: 2160\/1440;\">\n                            <\/div>\n                            <div class=\"col-12 col-md-6 col-right col-full-left-min col-full-right d-flex align-items-center\">\n                                <div class=\"wrapper d-flex align-items-center justify-content-center flex-column\">\n                                    <div class=\"categories\">\n                                                                                    <a class=\"category\" href=\"https:\/\/maitredpos.com\/fr\/categorie\/pos-mobile-velpay\/\">\n                                                VelPAY                                            <\/a>\n                                                                            <\/div>\n                                    <h2 class=\"text-center\"><a\n                                                href=\"https:\/\/maitredpos.com\/fr\/pourquoi-votre-restaurant-a-besoin-dun-point-de-vente-mobile\/\">Pourquoi votre restaurant a besoin d'un point de&hellip;<\/a><\/h2>\n                                    <p class=\"date text-center\">\n                                        1 ao\u00fbt 2025                                    <\/p>\n                                    <div class=\"content\">\n                                        <p>L'une des principales difficult\u00e9s rencontr\u00e9es dans les restaurants est la lenteur du service en p\u00e9riode d'affluence. Lorsque les serveurs se d\u00e9placent sans cesse entre les tables, la cuisine, le bar et les stations de point de vente fixes, ils perdent un temps pr\u00e9cieux. Cette inefficacit\u00e9 est source de frustration pour&hellip;<\/p>\n                                    <\/div>\n\n                                    <a href=\"https:\/\/maitredpos.com\/fr\/pourquoi-votre-restaurant-a-besoin-dun-point-de-vente-mobile\/\" class=\"read-more\">En savoir plus<span class=\"plus-icon\"><\/span><\/a>\n                                <\/div>\n                            <\/div>\n                        <\/div>\n                    <\/div>\n                                    <div>\n                        <div class=\"row\">\n                            <div class=\"col-6 col-left d-none d-md-block\">\n                                <img decoding=\"async\" data-src=\"https:\/\/maitredpos.com\/wp-content\/uploads\/2025\/05\/MD-Blog_enhance-pos-operations-at-le-cathcart-with-payfacto-veloce-pos.jpg\" alt=\"\" src=\"data:image\/svg+xml;base64,PHN2ZyB3aWR0aD0iMSIgaGVpZ2h0PSIxIiB4bWxucz0iaHR0cDovL3d3dy53My5vcmcvMjAwMC9zdmciPjwvc3ZnPg==\" class=\"lazyload\" style=\"--smush-placeholder-width: 2160px; --smush-placeholder-aspect-ratio: 2160\/1440;\">\n                            <\/div>\n                            <div class=\"col-12 col-md-6 col-right col-full-left-min col-full-right d-flex align-items-center\">\n                                <div class=\"wrapper d-flex align-items-center justify-content-center flex-column\">\n                                    <div class=\"categories\">\n                                                                                    <a class=\"category\" href=\"https:\/\/maitredpos.com\/fr\/categorie\/etude-de-cas\/\">\n                                                \u00c9tude de cas                                            <\/a>\n                                                                                    <a class=\"category\" href=\"https:\/\/maitredpos.com\/fr\/categorie\/point-de-vente\/\">\n                                                Point de vente                                            <\/a>\n                                                                                    <a class=\"category\" href=\"https:\/\/maitredpos.com\/fr\/categorie\/veloce-pos\/\">\n                                                Veloce POS                                            <\/a>\n                                                                            <\/div>\n                                    <h2 class=\"text-center\"><a\n                                                href=\"https:\/\/maitredpos.com\/fr\/cathcart-ameliore-operations-point-de-vente\/\">Le voyage du Cathcart vers une exp\u00e9rience POS&hellip;<\/a><\/h2>\n                                    <p class=\"date text-center\">\n                                        3 juillet 2025                                    <\/p>\n                                    <div class=\"content\">\n                                        <p>Malgr\u00e9 son atmosph\u00e8re impressionnante et son large \u00e9ventail d'offres, Le Cathcart n'\u00e9tait pas \u00e0 l'abri des obstacles op\u00e9rationnels. De la lenteur des transactions aux pannes du syst\u00e8me d'inventaire, la foire alimentaire a d\u00fb faire face \u00e0 des d\u00e9fis que m\u00eame ses somptueux repas n'ont pas pu dissimuler. C'est l\u00e0 que&hellip;<\/p>\n                                    <\/div>\n\n                                    <a href=\"https:\/\/maitredpos.com\/fr\/cathcart-ameliore-operations-point-de-vente\/\" class=\"read-more\">En savoir plus<span class=\"plus-icon\"><\/span><\/a>\n                                <\/div>\n                            <\/div>\n                        <\/div>\n                    <\/div>\n                            <\/div>\n        <\/div>\n        \t\t\t\t<\/div>\n\t\t\t\t<\/div>\n\t\t\t\t<\/div>\n\t\t\t\t<section class=\"elementor-section elementor-top-section elementor-element elementor-element-6e037c7 elementor-section-boxed elementor-section-height-default elementor-section-height-default\" data-id=\"6e037c7\" data-element_type=\"section\" data-e-type=\"section\">\n\t\t\t\t\t\t<div class=\"elementor-container elementor-column-gap-default\">\n\t\t\t\t\t<div class=\"elementor-column elementor-col-100 elementor-top-column elementor-element elementor-element-937517f\" data-id=\"937517f\" data-element_type=\"column\" data-e-type=\"column\">\n\t\t\t<div class=\"elementor-widget-wrap elementor-element-populated\">\n\t\t\t\t\t\t<div class=\"elementor-element elementor-element-240b19f elementor-widget elementor-widget-listing-post\" data-id=\"240b19f\" data-element_type=\"widget\" data-e-type=\"widget\" data-widget_type=\"listing-post.default\">\n\t\t\t\t<div class=\"elementor-widget-container\">\n\t\t\t\t\t        <div class=\"container\">\n            <div class=\"row d-none\">\n                <div class=\"col-12 col-xl-9\">\n                    <nav class=\"nav-type\">\n                                                                                                <\/nav>\n                <\/div>\n                <div class=\"col-12 col-xl-3\"><\/div>\n            <\/div>\n            <div class=\"row flex-column-reverse flex-xl-row\">\n                <div class=\"penega-listing-post-container col-12 col-xl-10\"\n                     data-post-type=\"post\"\n                     data-posts-per-page=\"9\">\n                    <h2>Articles r\u00e9cents<\/h2>\n                    <div class=\"items-container row\"><\/div>\n                    <div class=\"row-pagination\">\n                        <div class=\"col-12\">\n                            <nav class=\"pagination-container\"><\/nav>\n                        <\/div>\n                    <\/div>\n                <\/div>\n                <aside class=\"col-12 col-xl-2\">\n                    <div class=\"search-term\">\n                        <input type=\"text\" placeholder=\"Rechercher...\" \/>\n                    <\/div>\n                                                                        <div class=\"container-terms\">\n                                <ul class=\"terms\">\n                                    <li class=\"show-all active\">\n                                        <label class=\"term\">\n                                            <input data-type=\"show-all\" rel=\"\" value=\"\" type=\"checkbox\" checked=\"true\">\n                                            <span>Tout afficher<\/span>\n                                        <\/label>\n                                    <\/li>\n                                                                                                                        <li>\n                                                <label class=\"term\">\n                                                    <input data-type=\"category\" rel=\"etude-de-cas\" value=\"193\"\n                                                           type=\"checkbox\">\n                                                    <span>\u00c9tude de cas<\/span>\n                                                <\/label>\n                                            <\/li>\n                                                                                                                                                                <li>\n                                                <label class=\"term\">\n                                                    <input data-type=\"category\" rel=\"maitred-bar\" value=\"184\"\n                                                           type=\"checkbox\">\n                                                    <span>Maitre&#039;D Bar<\/span>\n                                                <\/label>\n                                            <\/li>\n                                                                                                                                                                <li>\n                                                <label class=\"term\">\n                                                    <input data-type=\"category\" rel=\"maitred-pos\" value=\"194\"\n                                                           type=\"checkbox\">\n                                                    <span>Maitre&#039;D POS<\/span>\n                                                <\/label>\n                                            <\/li>\n                                                                                                                                                                <li>\n                                                <label class=\"term\">\n                                                    <input data-type=\"category\" rel=\"mev-web\" value=\"188\"\n                                                           type=\"checkbox\">\n                                                    <span>MEV-WEB<\/span>\n                                                <\/label>\n                                            <\/li>\n                                                                                                                                                                                                                                            <li>\n                                                <label class=\"term\">\n                                                    <input data-type=\"category\" rel=\"paiement\" value=\"186\"\n                                                           type=\"checkbox\">\n                                                    <span>Paiement<\/span>\n                                                <\/label>\n                                            <\/li>\n                                                                                                                                                                <li>\n                                                <label class=\"term\">\n                                                    <input data-type=\"category\" rel=\"point-de-vente\" value=\"160\"\n                                                           type=\"checkbox\">\n                                                    <span>Point de vente<\/span>\n                                                <\/label>\n                                            <\/li>\n                                                                                                                                                                <li>\n                                                <label class=\"term\">\n                                                    <input data-type=\"category\" rel=\"veloce-pos\" value=\"185\"\n                                                           type=\"checkbox\">\n                                                    <span>Veloce POS<\/span>\n                                                <\/label>\n                                            <\/li>\n                                                                                                                                                                <li>\n                                                <label class=\"term\">\n                                                    <input data-type=\"category\" rel=\"pos-mobile-velpay\" value=\"168\"\n                                                           type=\"checkbox\">\n                                                    <span>VelPAY<\/span>\n                                                <\/label>\n                                            <\/li>\n                                                                                                            <\/ul>\n                            <\/div>\n                                                            <\/aside>\n            <\/div>\n        <\/div>\n        \t\t\t\t<\/div>\n\t\t\t\t<\/div>\n\t\t\t\t\t<\/div>\n\t\t<\/div>\n\t\t\t\t\t<\/div>\n\t\t<\/section>\n\t\t\t\t<\/div>\n\t\t","protected":false},"excerpt":{"rendered":"<p>Non class\u00e9 How to choose the right pos system for\u2026 2023-11-23 11:00:41 Non class\u00e9 Best practices &amp; tips for creating a drinks\u2026 2023-11-08 11:16:47 Non class\u00e9 VelMIX: The liquor management [&hellip;]<\/p>\n","protected":false},"author":1,"featured_media":0,"parent":0,"menu_order":0,"comment_status":"closed","ping_status":"closed","template":"","meta":{"_acf_changed":false,"footnotes":""},"class_list":["post-17648","page","type-page","status-publish","hentry"],"acf":[],"_links":{"self":[{"href":"https:\/\/maitredpos.com\/fr\/wp-json\/wp\/v2\/pages\/17648","targetHints":{"allow":["GET"]}}],"collection":[{"href":"https:\/\/maitredpos.com\/fr\/wp-json\/wp\/v2\/pages"}],"about":[{"href":"https:\/\/maitredpos.com\/fr\/wp-json\/wp\/v2\/types\/page"}],"author":[{"embeddable":true,"href":"https:\/\/maitredpos.com\/fr\/wp-json\/wp\/v2\/users\/1"}],"replies":[{"embeddable":true,"href":"https:\/\/maitredpos.com\/fr\/wp-json\/wp\/v2\/comments?post=17648"}],"version-history":[{"count":6,"href":"https:\/\/maitredpos.com\/fr\/wp-json\/wp\/v2\/pages\/17648\/revisions"}],"predecessor-version":[{"id":25081,"href":"https:\/\/maitredpos.com\/fr\/wp-json\/wp\/v2\/pages\/17648\/revisions\/25081"}],"wp:attachment":[{"href":"https:\/\/maitredpos.com\/fr\/wp-json\/wp\/v2\/media?parent=17648"}],"curies":[{"name":"wp","href":"https:\/\/api.w.org\/{rel}","templated":true}]}}