{"id":17691,"date":"2023-09-19T16:51:30","date_gmt":"2023-09-19T20:51:30","guid":{"rendered":"https:\/\/website.maitred.penega.dev\/kiosque\/"},"modified":"2025-04-14T14:00:16","modified_gmt":"2025-04-14T18:00:16","slug":"kiosque","status":"publish","type":"page","link":"https:\/\/maitredpos.com\/fr\/kiosque\/","title":{"rendered":"Kiosque"},"content":{"rendered":"\t\t<div data-elementor-type=\"wp-page\" data-elementor-id=\"17691\" class=\"elementor elementor-17691 elementor-629\" data-elementor-post-type=\"page\">\n\t\t\t\t\t\t<section class=\"elementor-section elementor-top-section elementor-element elementor-element-4d78d764 elementor-section-full_width elementor-section-height-default elementor-section-height-default\" data-id=\"4d78d764\" data-element_type=\"section\" data-e-type=\"section\">\n\t\t\t\t\t\t<div class=\"elementor-container elementor-column-gap-no\">\n\t\t\t\t\t<div class=\"elementor-column elementor-col-100 elementor-top-column elementor-element elementor-element-55bdd189\" data-id=\"55bdd189\" data-element_type=\"column\" data-e-type=\"column\">\n\t\t\t<div class=\"elementor-widget-wrap\">\n\t\t\t\t\t\t\t<\/div>\n\t\t<\/div>\n\t\t\t\t\t<\/div>\n\t\t<\/section>\n\t\t\t\t<section class=\"elementor-section elementor-top-section elementor-element elementor-element-26771074 elementor-section-boxed elementor-section-height-default elementor-section-height-default\" data-id=\"26771074\" data-element_type=\"section\" data-e-type=\"section\" data-settings=\"{&quot;background_background&quot;:&quot;classic&quot;}\">\n\t\t\t\t\t\t<div class=\"elementor-container elementor-column-gap-default\">\n\t\t\t\t\t<div class=\"elementor-column elementor-col-100 elementor-top-column elementor-element elementor-element-591a29aa\" data-id=\"591a29aa\" data-element_type=\"column\" data-e-type=\"column\">\n\t\t\t<div class=\"elementor-widget-wrap elementor-element-populated\">\n\t\t\t\t\t\t<div class=\"elementor-element elementor-element-2788468f elementor-invisible elementor-widget elementor-widget-heading\" data-id=\"2788468f\" data-element_type=\"widget\" data-e-type=\"widget\" data-settings=\"{&quot;_animation&quot;:&quot;fadeInDown&quot;}\" data-widget_type=\"heading.default\">\n\t\t\t\t<div class=\"elementor-widget-container\">\n\t\t\t\t\t<h2 class=\"elementor-heading-title elementor-size-default\"><strong>AVANTAGES DE LA<\/strong> V\u00c9LOCIT\u00c9<\/h2>\t\t\t\t<\/div>\n\t\t\t\t<\/div>\n\t\t\t\t<section class=\"elementor-section elementor-inner-section elementor-element elementor-element-53938fe5 elementor-section-boxed elementor-section-height-default elementor-section-height-default\" data-id=\"53938fe5\" data-element_type=\"section\" data-e-type=\"section\">\n\t\t\t\t\t\t<div class=\"elementor-container elementor-column-gap-wider\">\n\t\t\t\t\t<div class=\"elementor-column elementor-col-33 elementor-inner-column elementor-element elementor-element-202e4e2b elementor-invisible\" data-id=\"202e4e2b\" data-element_type=\"column\" data-e-type=\"column\" data-settings=\"{&quot;animation&quot;:&quot;fadeInLeft&quot;}\">\n\t\t\t<div class=\"elementor-widget-wrap\">\n\t\t\t\t\t\t\t<\/div>\n\t\t<\/div>\n\t\t\t\t<div class=\"elementor-column elementor-col-33 elementor-inner-column elementor-element elementor-element-739a4ac9 elementor-invisible\" data-id=\"739a4ac9\" data-element_type=\"column\" data-e-type=\"column\" data-settings=\"{&quot;animation&quot;:&quot;fadeInUp&quot;}\">\n\t\t\t<div class=\"elementor-widget-wrap\">\n\t\t\t\t\t\t\t<\/div>\n\t\t<\/div>\n\t\t\t\t<div class=\"elementor-column elementor-col-33 elementor-inner-column elementor-element elementor-element-563ef1ac elementor-invisible\" data-id=\"563ef1ac\" data-element_type=\"column\" data-e-type=\"column\" data-settings=\"{&quot;animation&quot;:&quot;fadeInRight&quot;}\">\n\t\t\t<div class=\"elementor-widget-wrap\">\n\t\t\t\t\t\t\t<\/div>\n\t\t<\/div>\n\t\t\t\t\t<\/div>\n\t\t<\/section>\n\t\t\t\t\t<\/div>\n\t\t<\/div>\n\t\t\t\t\t<\/div>\n\t\t<\/section>\n\t\t\t\t<section class=\"elementor-section elementor-top-section elementor-element elementor-element-4b05c2cd elementor-section-boxed elementor-section-height-default elementor-section-height-default\" data-id=\"4b05c2cd\" data-element_type=\"section\" data-e-type=\"section\">\n\t\t\t\t\t\t<div class=\"elementor-container elementor-column-gap-default\">\n\t\t\t\t\t<div class=\"elementor-column elementor-col-100 elementor-top-column elementor-element elementor-element-1a687c32\" data-id=\"1a687c32\" data-element_type=\"column\" data-e-type=\"column\">\n\t\t\t<div class=\"elementor-widget-wrap elementor-element-populated\">\n\t\t\t\t\t\t<div class=\"elementor-element elementor-element-22545cb9 elementor-invisible elementor-widget elementor-widget-heading\" data-id=\"22545cb9\" data-element_type=\"widget\" data-e-type=\"widget\" data-settings=\"{&quot;_animation&quot;:&quot;fadeInLeft&quot;}\" data-widget_type=\"heading.default\">\n\t\t\t\t<div class=\"elementor-widget-container\">\n\t\t\t\t\t<h2 class=\"elementor-heading-title elementor-size-default\"><strong>Caract\u00e9ristiques de<\/strong> Veloce<\/h2>\t\t\t\t<\/div>\n\t\t\t\t<\/div>\n\t\t\t\t<div class=\"elementor-element elementor-element-4da25ddd elementor-widget__width-initial elementor-invisible elementor-widget elementor-widget-text-editor\" data-id=\"4da25ddd\" data-element_type=\"widget\" data-e-type=\"widget\" data-settings=\"{&quot;_animation&quot;:&quot;fadeInRight&quot;}\" data-widget_type=\"text-editor.default\">\n\t\t\t\t<div class=\"elementor-widget-container\">\n\t\t\t\t\t\t\t\t\t<p>Lorem ipsum dolor sit amet, consectetur adipiscing elit. Ut elit tellus, luctus nec ullamcorper mattis, pulvinar dapibus leo.<\/p>\t\t\t\t\t\t\t\t<\/div>\n\t\t\t\t<\/div>\n\t\t\t\t<div class=\"elementor-element elementor-element-665a61c1 elementor-tabs-view-horizontal elementor-invisible elementor-widget elementor-widget-tabs\" data-id=\"665a61c1\" data-element_type=\"widget\" data-e-type=\"widget\" data-settings=\"{&quot;_animation&quot;:&quot;fadeInUp&quot;}\" data-widget_type=\"tabs.default\">\n\t\t\t\t<div class=\"elementor-widget-container\">\n\t\t\t\t\t\t\t<div class=\"elementor-tabs\">\n\t\t\t<div class=\"elementor-tabs-wrapper\" role=\"tablist\" >\n\t\t\t\t\t\t\t\t\t<div id=\"elementor-tab-title-1711\" class=\"elementor-tab-title elementor-tab-desktop-title\" aria-selected=\"true\" data-tab=\"1\" role=\"tab\" tabindex=\"0\" aria-controls=\"elementor-tab-content-1711\" aria-expanded=\"false\">Tab #1<\/div>\n\t\t\t\t\t\t\t\t\t<div id=\"elementor-tab-title-1712\" class=\"elementor-tab-title elementor-tab-desktop-title\" aria-selected=\"false\" data-tab=\"2\" role=\"tab\" tabindex=\"-1\" aria-controls=\"elementor-tab-content-1712\" aria-expanded=\"false\">Tab #2<\/div>\n\t\t\t\t\t\t\t<\/div>\n\t\t\t<div class=\"elementor-tabs-content-wrapper\" role=\"tablist\" aria-orientation=\"vertical\">\n\t\t\t\t\t\t\t\t\t<div class=\"elementor-tab-title elementor-tab-mobile-title\" aria-selected=\"true\" data-tab=\"1\" role=\"tab\" tabindex=\"0\" aria-controls=\"elementor-tab-content-1711\" aria-expanded=\"false\">Tab #1<\/div>\n\t\t\t\t\t<div id=\"elementor-tab-content-1711\" class=\"elementor-tab-content elementor-clearfix\" data-tab=\"1\" role=\"tabpanel\" aria-labelledby=\"elementor-tab-title-1711\" tabindex=\"0\" hidden=\"false\">Lorem ipsum dolor sit amet, consectetur adipiscing elit. Ut elit tellus, luctus nec ullamcorper mattis, pulvinar dapibus leo.<\/div>\n\t\t\t\t\t\t\t\t\t<div class=\"elementor-tab-title elementor-tab-mobile-title\" aria-selected=\"false\" data-tab=\"2\" role=\"tab\" tabindex=\"-1\" aria-controls=\"elementor-tab-content-1712\" aria-expanded=\"false\">Tab #2<\/div>\n\t\t\t\t\t<div id=\"elementor-tab-content-1712\" class=\"elementor-tab-content elementor-clearfix\" data-tab=\"2\" role=\"tabpanel\" aria-labelledby=\"elementor-tab-title-1712\" tabindex=\"0\" hidden=\"hidden\">Lorem ipsum dolor sit amet, consectetur adipiscing elit. Ut elit tellus, luctus nec ullamcorper mattis, pulvinar dapibus leo.<\/div>\n\t\t\t\t\t\t\t<\/div>\n\t\t<\/div>\n\t\t\t\t\t\t<\/div>\n\t\t\t\t<\/div>\n\t\t\t\t\t<\/div>\n\t\t<\/div>\n\t\t\t\t\t<\/div>\n\t\t<\/section>\n\t\t\t\t<section class=\"elementor-section elementor-top-section elementor-element elementor-element-219026f elementor-section-boxed elementor-section-height-default elementor-section-height-default\" data-id=\"219026f\" data-element_type=\"section\" data-e-type=\"section\" data-settings=\"{&quot;background_background&quot;:&quot;classic&quot;}\">\n\t\t\t\t\t\t<div class=\"elementor-container elementor-column-gap-default\">\n\t\t\t\t\t<div class=\"elementor-column elementor-col-100 elementor-top-column elementor-element elementor-element-666735e\" data-id=\"666735e\" data-element_type=\"column\" data-e-type=\"column\">\n\t\t\t<div class=\"elementor-widget-wrap elementor-element-populated\">\n\t\t\t\t\t\t<div class=\"elementor-element elementor-element-54b0d764 elementor-invisible elementor-widget elementor-widget-heading\" data-id=\"54b0d764\" data-element_type=\"widget\" data-e-type=\"widget\" data-settings=\"{&quot;_animation&quot;:&quot;fadeInDown&quot;}\" data-widget_type=\"heading.default\">\n\t\t\t\t<div class=\"elementor-widget-container\">\n\t\t\t\t\t<h2 class=\"elementor-heading-title elementor-size-default\"><strong>T\u00e9moignages<\/strong><\/h2>\t\t\t\t<\/div>\n\t\t\t\t<\/div>\n\t\t\t\t<div class=\"elementor-element elementor-element-14f94808 elementor-align-center elementor-invisible elementor-widget elementor-widget-button\" data-id=\"14f94808\" data-element_type=\"widget\" data-e-type=\"widget\" data-settings=\"{&quot;_animation&quot;:&quot;fadeInUp&quot;}\" data-widget_type=\"button.default\">\n\t\t\t\t<div class=\"elementor-widget-container\">\n\t\t\t\t\t\t\t\t\t<div class=\"elementor-button-wrapper\">\n\t\t\t\t\t<a class=\"elementor-button elementor-button-link elementor-size-sm\" href=\"#\">\n\t\t\t\t\t\t<span class=\"elementor-button-content-wrapper\">\n\t\t\t\t\t\t\t\t\t<span class=\"elementor-button-text\">Voir d'autres t\u00e9moignages<\/span>\n\t\t\t\t\t<\/span>\n\t\t\t\t\t<\/a>\n\t\t\t\t<\/div>\n\t\t\t\t\t\t\t\t<\/div>\n\t\t\t\t<\/div>\n\t\t\t\t\t<\/div>\n\t\t<\/div>\n\t\t\t\t\t<\/div>\n\t\t<\/section>\n\t\t\t\t<section class=\"elementor-section elementor-top-section elementor-element elementor-element-64dd8b84 elementor-section-boxed elementor-section-height-default elementor-section-height-default\" data-id=\"64dd8b84\" data-element_type=\"section\" data-e-type=\"section\">\n\t\t\t\t\t\t<div class=\"elementor-container elementor-column-gap-default\">\n\t\t\t\t\t<div class=\"elementor-column elementor-col-100 elementor-top-column elementor-element elementor-element-6e81ff4c\" data-id=\"6e81ff4c\" data-element_type=\"column\" data-e-type=\"column\">\n\t\t\t<div class=\"elementor-widget-wrap elementor-element-populated\">\n\t\t\t\t\t\t<div class=\"elementor-element elementor-element-756fd76b elementor-invisible elementor-widget elementor-widget-heading\" data-id=\"756fd76b\" data-element_type=\"widget\" data-e-type=\"widget\" data-settings=\"{&quot;_animation&quot;:&quot;fadeInLeft&quot;}\" data-widget_type=\"heading.default\">\n\t\t\t\t<div class=\"elementor-widget-container\">\n\t\t\t\t\t<h2 class=\"elementor-heading-title elementor-size-default\">Derniers <strong>messages<\/strong><\/h2>\t\t\t\t<\/div>\n\t\t\t\t<\/div>\n\t\t\t\t<div class=\"elementor-element elementor-element-251384d6 elementor-invisible elementor-widget elementor-widget-posts-slider\" data-id=\"251384d6\" data-element_type=\"widget\" data-e-type=\"widget\" data-settings=\"{&quot;_animation&quot;:&quot;fadeInRight&quot;}\" data-widget_type=\"posts-slider.default\">\n\t\t\t\t<div class=\"elementor-widget-container\">\n\t\t\t\t\t        <div class=\"container\">\n            <div class=\"row justify-content-center\">\n                <div class=\"col-12 col-lg-11\">\n                    <div class=\"container-slider-posts\" data-arrows=\"yes\">\n                                                    <div class=\"slider-post-wrapper\">\n                                <div class=\"post-container\">\n                                    <div class=\"post-thumbnail\">\n                                        <img fetchpriority=\"high\" decoding=\"async\" src=\"https:\/\/maitredpos.com\/wp-content\/uploads\/2025\/05\/MD-Blog_from-errors-to-fraud-how-hotels-and-restaurants-can-minimize-chargebacks-1024x683.jpg\"\n                                             alt=\"Reduce chargebacks in hospitality - r\u00e9duire les r\u00e9trofacturations en hotellerie et restauration\"\n                                             width=\"400\" height=\"400\"\/>\n                                    <\/div>\n                                    <div class=\"post-content\">\n                                        <h3 class=\"title\">Comment r\u00e9duire les r\u00e9trofacturations en restauration<\/h3>\n                                                                                <div class=\"content\">\n                                            Que sont les r\u00e9trofacturations et pourquoi constituent-elles un risque s\u00e9rieux pour les entreprises du secteur de la restauration et de l&#8217;h\u00f4tellerie ? Les r\u00e9trofacturations surviennent lorsqu&#8217;un client conteste une transaction [&hellip;]                                        <\/div>\n                                    <\/div>\n                                    <a href=\"https:\/\/maitredpos.com\/fr\/?post_type=post&#038;p=33046\" class=\"read-more-btn\">En savoir plus<span class=\"plus-icon\"><\/span><\/a>\n                                <\/div>\n                            <\/div>\n                                                    <div class=\"slider-post-wrapper\">\n                                <div class=\"post-container\">\n                                    <div class=\"post-thumbnail\">\n                                        <img decoding=\"async\" data-src=\"https:\/\/maitredpos.com\/wp-content\/uploads\/2025\/11\/Canal-Ritz-Case-Study.png\"\n                                             alt=\"\"\n                                             width=\"400\" height=\"400\" src=\"data:image\/svg+xml;base64,PHN2ZyB3aWR0aD0iMSIgaGVpZ2h0PSIxIiB4bWxucz0iaHR0cDovL3d3dy53My5vcmcvMjAwMC9zdmciPjwvc3ZnPg==\" class=\"lazyload\" style=\"--smush-placeholder-width: 400px; --smush-placeholder-aspect-ratio: 400\/400;\" \/>\n                                    <\/div>\n                                    <div class=\"post-content\">\n                                        <h3 class=\"title\">Le Canal Ritz modernise ses op\u00e9rations gr\u00e2ce \u00e0 Virtuo POS<\/h3>\n                                                                                <div class=\"content\">\n                                            Perch\u00e9 sur l\u2019embl\u00e9matique canal Rideau \u00e0 Ottawa, le Canal Ritz accueille depuis des d\u00e9cennies des locaux, des touristes et des \u00e9tudiants des universit\u00e9s avoisinantes. Avec ses quatre salles \u00e0 manger, [&hellip;]                                        <\/div>\n                                    <\/div>\n                                    <a href=\"https:\/\/maitredpos.com\/fr\/?post_type=post&#038;p=31530\" class=\"read-more-btn\">En savoir plus<span class=\"plus-icon\"><\/span><\/a>\n                                <\/div>\n                            <\/div>\n                                                    <div class=\"slider-post-wrapper\">\n                                <div class=\"post-container\">\n                                    <div class=\"post-thumbnail\">\n                                        <img decoding=\"async\" data-src=\"https:\/\/maitredpos.com\/wp-content\/uploads\/2025\/05\/MD-Blog_velpay-sustainable-success-solution-1024x683.jpg\"\n                                             alt=\"\"\n                                             width=\"400\" height=\"400\" src=\"data:image\/svg+xml;base64,PHN2ZyB3aWR0aD0iMSIgaGVpZ2h0PSIxIiB4bWxucz0iaHR0cDovL3d3dy53My5vcmcvMjAwMC9zdmciPjwvc3ZnPg==\" class=\"lazyload\" style=\"--smush-placeholder-width: 400px; --smush-placeholder-aspect-ratio: 400\/400;\" \/>\n                                    <\/div>\n                                    <div class=\"post-content\">\n                                        <h3 class=\"title\">Traitement des paiements en restauration et h\u00f4tellerie<\/h3>\n                                                                                <div class=\"content\">\n                                            Qu&#8217;est-ce que le traitement des paiements dans le secteur de l&#8217;h\u00f4tellerie et de la restauration ? Le traitement des paiements dans le secteur de l&#8217;h\u00f4tellerie fait r\u00e9f\u00e9rence aux syst\u00e8mes et [&hellip;]                                        <\/div>\n                                    <\/div>\n                                    <a href=\"https:\/\/maitredpos.com\/fr\/?post_type=post&#038;p=27255\" class=\"read-more-btn\">En savoir plus<span class=\"plus-icon\"><\/span><\/a>\n                                <\/div>\n                            <\/div>\n                                                    <div class=\"slider-post-wrapper\">\n                                <div class=\"post-container\">\n                                    <div class=\"post-thumbnail\">\n                                        <img decoding=\"async\" data-src=\"https:\/\/maitredpos.com\/wp-content\/uploads\/2025\/05\/MD-Blog_boost-your-restaurant-with-mobile-point-of-sale-system-1024x683.jpg\"\n                                             alt=\"\"\n                                             width=\"400\" height=\"400\" src=\"data:image\/svg+xml;base64,PHN2ZyB3aWR0aD0iMSIgaGVpZ2h0PSIxIiB4bWxucz0iaHR0cDovL3d3dy53My5vcmcvMjAwMC9zdmciPjwvc3ZnPg==\" class=\"lazyload\" style=\"--smush-placeholder-width: 400px; --smush-placeholder-aspect-ratio: 400\/400;\" \/>\n                                    <\/div>\n                                    <div class=\"post-content\">\n                                        <h3 class=\"title\">Pourquoi votre restaurant a besoin d&#039;un point de vente mobile<\/h3>\n                                                                                <div class=\"content\">\n                                            L&#8217;une des principales difficult\u00e9s rencontr\u00e9es dans les restaurants est la lenteur du service en p\u00e9riode d&#8217;affluence. Lorsque les serveurs se d\u00e9placent sans cesse entre les tables, la cuisine, le bar [&hellip;]                                        <\/div>\n                                    <\/div>\n                                    <a href=\"https:\/\/maitredpos.com\/fr\/?post_type=post&#038;p=26641\" class=\"read-more-btn\">En savoir plus<span class=\"plus-icon\"><\/span><\/a>\n                                <\/div>\n                            <\/div>\n                                                    <div class=\"slider-post-wrapper\">\n                                <div class=\"post-container\">\n                                    <div class=\"post-thumbnail\">\n                                        <img decoding=\"async\" data-src=\"https:\/\/maitredpos.com\/wp-content\/uploads\/2025\/05\/MD-Blog_enhance-pos-operations-at-le-cathcart-with-payfacto-veloce-pos-1024x683.jpg\"\n                                             alt=\"\"\n                                             width=\"400\" height=\"400\" src=\"data:image\/svg+xml;base64,PHN2ZyB3aWR0aD0iMSIgaGVpZ2h0PSIxIiB4bWxucz0iaHR0cDovL3d3dy53My5vcmcvMjAwMC9zdmciPjwvc3ZnPg==\" class=\"lazyload\" style=\"--smush-placeholder-width: 400px; --smush-placeholder-aspect-ratio: 400\/400;\" \/>\n                                    <\/div>\n                                    <div class=\"post-content\">\n                                        <h3 class=\"title\">Le voyage du Cathcart vers une exp\u00e9rience POS sans faille<\/h3>\n                                                                                <div class=\"content\">\n                                            Malgr\u00e9 son atmosph\u00e8re impressionnante et son large \u00e9ventail d&#8217;offres, Le Cathcart n&#8217;\u00e9tait pas \u00e0 l&#8217;abri des obstacles op\u00e9rationnels. De la lenteur des transactions aux pannes du syst\u00e8me d&#8217;inventaire, la foire [&hellip;]                                        <\/div>\n                                    <\/div>\n                                    <a href=\"https:\/\/maitredpos.com\/fr\/?post_type=post&#038;p=15803\" class=\"read-more-btn\">En savoir plus<span class=\"plus-icon\"><\/span><\/a>\n                                <\/div>\n                            <\/div>\n                                            <\/div>\n                <\/div>\n            <\/div>\n        <\/div>\n        \t\t\t\t<\/div>\n\t\t\t\t<\/div>\n\t\t\t\t<div class=\"elementor-element elementor-element-567b1f6 elementor-align-center elementor-invisible elementor-widget elementor-widget-button\" data-id=\"567b1f6\" data-element_type=\"widget\" data-e-type=\"widget\" data-settings=\"{&quot;_animation&quot;:&quot;fadeInUp&quot;}\" data-widget_type=\"button.default\">\n\t\t\t\t<div class=\"elementor-widget-container\">\n\t\t\t\t\t\t\t\t\t<div class=\"elementor-button-wrapper\">\n\t\t\t\t\t<a class=\"elementor-button elementor-button-link elementor-size-sm\" href=\"#\">\n\t\t\t\t\t\t<span class=\"elementor-button-content-wrapper\">\n\t\t\t\t\t\t\t\t\t<span class=\"elementor-button-text\">Voir tous les messages<\/span>\n\t\t\t\t\t<\/span>\n\t\t\t\t\t<\/a>\n\t\t\t\t<\/div>\n\t\t\t\t\t\t\t\t<\/div>\n\t\t\t\t<\/div>\n\t\t\t\t\t<\/div>\n\t\t<\/div>\n\t\t\t\t\t<\/div>\n\t\t<\/section>\n\t\t\t\t<\/div>\n\t\t","protected":false},"excerpt":{"rendered":"<p>AVANTAGES DE LA V\u00c9LOCIT\u00c9 Caract\u00e9ristiques de Veloce Lorem ipsum dolor sit amet, consectetur adipiscing elit. Ut elit tellus, luctus nec ullamcorper mattis, pulvinar dapibus leo. Tab #1 Tab #2 Tab [&hellip;]<\/p>\n","protected":false},"author":1,"featured_media":0,"parent":0,"menu_order":0,"comment_status":"closed","ping_status":"closed","template":"","meta":{"_acf_changed":false,"footnotes":""},"class_list":["post-17691","page","type-page","status-publish","hentry"],"acf":[],"_links":{"self":[{"href":"https:\/\/maitredpos.com\/fr\/wp-json\/wp\/v2\/pages\/17691","targetHints":{"allow":["GET"]}}],"collection":[{"href":"https:\/\/maitredpos.com\/fr\/wp-json\/wp\/v2\/pages"}],"about":[{"href":"https:\/\/maitredpos.com\/fr\/wp-json\/wp\/v2\/types\/page"}],"author":[{"embeddable":true,"href":"https:\/\/maitredpos.com\/fr\/wp-json\/wp\/v2\/users\/1"}],"replies":[{"embeddable":true,"href":"https:\/\/maitredpos.com\/fr\/wp-json\/wp\/v2\/comments?post=17691"}],"version-history":[{"count":1,"href":"https:\/\/maitredpos.com\/fr\/wp-json\/wp\/v2\/pages\/17691\/revisions"}],"predecessor-version":[{"id":19085,"href":"https:\/\/maitredpos.com\/fr\/wp-json\/wp\/v2\/pages\/17691\/revisions\/19085"}],"wp:attachment":[{"href":"https:\/\/maitredpos.com\/fr\/wp-json\/wp\/v2\/media?parent=17691"}],"curies":[{"name":"wp","href":"https:\/\/api.w.org\/{rel}","templated":true}]}}